{"id":233,"date":"2025-03-07T17:23:58","date_gmt":"2025-03-07T17:23:58","guid":{"rendered":"https:\/\/dedaloaviacion.com\/legal-notice-and-privacy-and-cookies-policy\/"},"modified":"2025-03-07T17:23:58","modified_gmt":"2025-03-07T17:23:58","slug":"legal-notice-and-privacy-and-cookies-policy","status":"publish","type":"page","link":"https:\/\/dedaloaviacion.com\/en\/legal-notice-and-privacy-and-cookies-policy\/","title":{"rendered":"Legal notice and privacy and cookies policy"},"content":{"rendered":"<p>[et_pb_section fb_built=&#8221;1&#8243; admin_label=&#8221;About&#8221; _builder_version=&#8221;4.25.1&#8243; _module_preset=&#8221;default&#8221; collapsed=&#8221;on&#8221; global_colors_info=&#8221;{}&#8221;][et_pb_row custom_padding_last_edited=&#8221;on|desktop&#8221; _builder_version=&#8221;4.25.1&#8243; _module_preset=&#8221;048d8e79-b07f-439b-bd57-f41c14f0a56b&#8221; background_color=&#8221;#FFFFFF&#8221; custom_padding=&#8221;|30px||30px|false|true&#8221; custom_padding_tablet=&#8221;|30px||30px|false|true&#8221; custom_padding_phone=&#8221;|20px||20px|false|true&#8221; border_radii=&#8221;on|6px|6px|6px|6px&#8221; box_shadow_style=&#8221;preset3&#8243; box_shadow_vertical=&#8221;24px&#8221; box_shadow_blur=&#8221;72px&#8221; box_shadow_spread=&#8221;-12px&#8221; box_shadow_color=&#8221;rgba(0,0,0,0.12)&#8221; global_colors_info=&#8221;{}&#8221;][et_pb_column type=&#8221;4_4&#8243; _builder_version=&#8221;4.25.1&#8243; _module_preset=&#8221;default&#8221; global_colors_info=&#8221;{}&#8221;][et_pb_heading title=&#8221;Legal Notice&#8221; _builder_version=&#8221;4.27.4&#8243; _module_preset=&#8221;c33f07d9-41e0-421a-8799-5799df695cce&#8221; title_level=&#8221;h2&#8243; title_font=&#8221;&#8211;et_global_heading_font|700|||||||&#8221; title_text_color=&#8221;#0e0c19&#8243; title_font_size=&#8221;50px&#8221; title_line_height=&#8221;1.2em&#8221; custom_margin=&#8221;||10px||false|false&#8221; title_font_size_tablet=&#8221;28px&#8221; title_font_size_phone=&#8221;20px&#8221; title_font_size_last_edited=&#8221;on|phone&#8221; global_colors_info=&#8221;{}&#8221;][\/et_pb_heading][et_pb_text quote_border_color=&#8221;#219ebc&#8221; _builder_version=&#8221;4.27.4&#8243; _module_preset=&#8221;2c55a9c4-feed-423b-9edb-ae0b5b365cac&#8221; text_font=&#8221;&#8211;et_global_body_font|IBM Plex Sans_weight|||||||&#8221; text_text_color=&#8221;#3c3a47&#8243; text_font_size=&#8221;16px&#8221; text_line_height=&#8221;1.75em&#8221; link_font=&#8221;|IBM Plex Sans_weight|||||||&#8221; link_text_color=&#8221;#023047&#8243; quote_font=&#8221;IBM Plex Sans Condensed|IBM Plex Sans Condensed_weight|||||||&#8221; quote_text_color=&#8221;#0e0c19&#8243; header_font=&#8221;IBM Plex Sans Condensed|IBM Plex Sans Condensed_weight|||||||&#8221; header_text_color=&#8221;#0e0c19&#8243; header_font_size=&#8221;72px&#8221; header_line_height=&#8221;1.15em&#8221; header_2_font=&#8221;IBM Plex Sans Condensed|IBM Plex Sans Condensed_weight|||||||&#8221; header_2_text_color=&#8221;#0e0c19&#8243; header_2_font_size=&#8221;50px&#8221; header_2_line_height=&#8221;1.2em&#8221; header_3_font=&#8221;IBM Plex Sans Condensed|IBM Plex Sans Condensed_weight|||||||&#8221; header_3_text_color=&#8221;#0e0c19&#8243; header_3_font_size=&#8221;32px&#8221; header_3_line_height=&#8221;1.3em&#8221; header_4_font=&#8221;IBM Plex Sans Condensed|IBM Plex Sans Condensed_weight|||||||&#8221; header_4_text_color=&#8221;#0e0c19&#8243; header_4_font_size=&#8221;24px&#8221; header_4_line_height=&#8221;1.4em&#8221; header_5_font=&#8221;IBM Plex Sans Condensed|IBM Plex Sans Condensed_weight|||||||&#8221; header_5_text_color=&#8221;#0e0c19&#8243; header_5_font_size=&#8221;18px&#8221; header_5_line_height=&#8221;1.4em&#8221; header_6_font=&#8221;IBM Plex Sans Condensed|IBM Plex Sans Condensed_weight|||||||&#8221; header_6_text_color=&#8221;#0e0c19&#8243; header_6_line_height=&#8221;1.5em&#8221; custom_margin=&#8221;||||false|false&#8221; text_font_size_tablet=&#8221;15px&#8221; text_font_size_phone=&#8221;14px&#8221; text_font_size_last_edited=&#8221;on|phone&#8221; header_font_size_tablet=&#8221;40px&#8221; header_font_size_phone=&#8221;24px&#8221; header_font_size_last_edited=&#8221;on|desktop&#8221; header_2_font_size_tablet=&#8221;28px&#8221; header_2_font_size_phone=&#8221;20px&#8221; header_2_font_size_last_edited=&#8221;on|phone&#8221; header_3_font_size_tablet=&#8221;22px&#8221; header_3_font_size_phone=&#8221;17px&#8221; header_3_font_size_last_edited=&#8221;on|phone&#8221; header_4_font_size_tablet=&#8221;18px&#8221; header_4_font_size_phone=&#8221;15px&#8221; header_4_font_size_last_edited=&#8221;on|tablet&#8221; header_5_font_size_tablet=&#8221;15px&#8221; header_5_font_size_phone=&#8221;14px&#8221; header_5_font_size_last_edited=&#8221;on|desktop&#8221; header_6_font_size_tablet=&#8221;13px&#8221; header_6_font_size_phone=&#8221;13px&#8221; header_6_font_size_last_edited=&#8221;on|desktop&#8221; global_colors_info=&#8221;{}&#8221;]<\/p>\n<h2 data-start=\"430\" data-end=\"457\">General Information<\/h2>\n<p data-start=\"458\" data-end=\"755\">In compliance with the provisions of <strong data-start=\"497\" data-end=\"611\">Law 34\/2002, of July 11, 2002, of Services of the Information Society and Electronic Commerce (LSSI-CE)<\/strong>, it is reported that this website is owned by <strong data-start=\"659\" data-end=\"683\">D\u00e9dalo Aviaci\u00f3n S.L.<\/strong>, with <strong data-start=\"689\" data-end=\"711\">CIF: <span>B96819172<\/span><\/strong>, and domiciled in <a href=\"https:\/\/www.google.com\/maps\/place\/\/data=!4m2!3m1!1s0xd60dac9b383fd5d:0xefb00a8fb72b44a9?sa=X&amp;ved=1t:8290&amp;ictx=111\" data-url=\"\/maps\/place\/\/data=!4m2!3m1!1s0xd60dac9b383fd5d:0xefb00a8fb72b44a9?sa=X&amp;ved=2ahUKEwij4tPavviLAxXUVKQEHdhRJu0Q4kB6BAgGEAA\" ping=\"\/url?sa=t&amp;source=web&amp;rct=j&amp;opi=89978449&amp;url=\/maps\/place\/\/data%3D!4m2!3m1!1s0xd60dac9b383fd5d:0xefb00a8fb72b44a9%3Fsa%3DX%26ved%3D1t:8290%26ictx%3D111&amp;ved=2ahUKEwij4tPavviLAxXUVKQEHdhRJu0Q4kB6BAgoEAM\" tabindex=\"0\"><span>Aer\u00f3dromo de Requena &#8211; Hangar 2, Autov\u00eda A-3, Km. 297, 46391 Requena, Valencia.<\/span><\/a>.<\/p>\n<p data-start=\"757\" data-end=\"868\">You can contact us by phone <a data-dtype=\"d3ph\" data-local-attribute=\"d3ph\" jscontroller=\"LWZElb\" href=\"https:\/\/www.google.com\/search?q=dedalo+aviacion+sl+CIF&amp;sca_esv=540846efa2b16f65&amp;sxsrf=AHTn8zoxVZfBZ1cILdsoik3kLwpiCM6nFQ%3A1741368365180&amp;ei=LSzLZ-7RCvLZkdUPrqffOQ&amp;ved=0ahUKEwiunNHWvviLAxXybKQEHa7TNwcQ4dUDCBE&amp;uact=5&amp;oq=dedalo+aviacion+sl+CIF&amp;gs_lp=Egxnd3Mtd2l6LXNlcnAiFmRlZGFsbyBhdmlhY2lvbiBzbCBDSUYyBRAAGO8FMggQABiABBiiBDIFEAAY7wUyCBAAGIAEGKIEMggQABiABBiiBEjlCFBbWIMIcAF4AJABAJgBdaAB_gKqAQMzLjG4AQPIAQD4AQGYAgWgAosDwgIHEAAYsAMYHsICCxAAGIAEGLADGKIEwgIIEAAYsAMY7wXCAgYQABgWGB7CAgUQIRigAcICBRAhGJ8FwgIEECEYFZgDAIgGAZAGBZIHAzQuMaAHmg8&amp;sclient=gws-wiz-serp#\" jsdata=\"QKGTRc;_;BLCWbI\" jsaction=\"rcuQ6b:npT2md;F75qrd\" data-ved=\"2ahUKEwij4tPavviLAxXUVKQEHdhRJu0QkAgoAHoECCcQAg\"><span aria-label=\"Llamar al n\u00famero de tel\u00e9fono 960 26 09 24\">960 26 09 24<\/span><\/a>.<\/p>\n<h2 data-start=\"870\" data-end=\"896\">2. Conditions of Use<\/h2>\n<p data-start=\"897\" data-end=\"1138\">Access and use of this website attributes the condition of user and implies acceptance of the conditions set forth herein. <strong data-start=\"1023\" data-end=\"1047\">D\u00e9dalo Aviaci\u00f3n S.L.<\/strong> reserves the right to modify the information contained in the site without prior notice.<\/p>\n<h2 data-start=\"1140\" data-end=\"1169\">3. Intellectual Property<\/h2>\n<p data-start=\"1170\" data-end=\"1400\">All the contents of the web site, including texts, images, logos and graphic design, are protected by intellectual property rights and cannot be used without the express authorization of <strong data-start=\"1373\" data-end=\"1397\">D\u00e9dalo Aviaci\u00f3n S.L.<\/strong>.<\/p>\n<h2 data-start=\"1402\" data-end=\"1425\">4. Responsibility<\/h2>\n<p data-start=\"1426\" data-end=\"1603\"><strong data-start=\"1426\" data-end=\"1450\">D\u00e9dalo Aviaci\u00f3n S.L.<\/strong> is not responsible for the improper use of the information contained in this web site nor for the damages that may derive from the access or use of the same.<\/p>\n<p>[\/et_pb_text][\/et_pb_column][\/et_pb_row][et_pb_row custom_padding_last_edited=&#8221;on|desktop&#8221; _builder_version=&#8221;4.25.1&#8243; _module_preset=&#8221;048d8e79-b07f-439b-bd57-f41c14f0a56b&#8221; background_color=&#8221;#FFFFFF&#8221; custom_padding=&#8221;|30px||30px|false|true&#8221; custom_padding_tablet=&#8221;|30px||30px|false|true&#8221; custom_padding_phone=&#8221;|20px||20px|false|true&#8221; border_radii=&#8221;on|6px|6px|6px|6px&#8221; box_shadow_style=&#8221;preset3&#8243; box_shadow_vertical=&#8221;24px&#8221; box_shadow_blur=&#8221;72px&#8221; box_shadow_spread=&#8221;-12px&#8221; box_shadow_color=&#8221;rgba(0,0,0,0.12)&#8221; global_colors_info=&#8221;{}&#8221;][et_pb_column type=&#8221;4_4&#8243; _builder_version=&#8221;4.25.1&#8243; _module_preset=&#8221;default&#8221; global_colors_info=&#8221;{}&#8221;][et_pb_heading title=&#8221;PRIVACY POLICY&#8221; _builder_version=&#8221;4.27.4&#8243; _module_preset=&#8221;c33f07d9-41e0-421a-8799-5799df695cce&#8221; title_level=&#8221;h2&#8243; title_font=&#8221;&#8211;et_global_heading_font|700|||||||&#8221; title_text_color=&#8221;#0e0c19&#8243; title_font_size=&#8221;50px&#8221; title_line_height=&#8221;1.2em&#8221; custom_margin=&#8221;||10px||false|false&#8221; title_font_size_tablet=&#8221;28px&#8221; title_font_size_phone=&#8221;20px&#8221; title_font_size_last_edited=&#8221;on|phone&#8221; global_colors_info=&#8221;{}&#8221;][\/et_pb_heading][et_pb_text quote_border_color=&#8221;#219ebc&#8221; _builder_version=&#8221;4.27.4&#8243; _module_preset=&#8221;2c55a9c4-feed-423b-9edb-ae0b5b365cac&#8221; text_font=&#8221;&#8211;et_global_body_font|IBM Plex Sans_weight|||||||&#8221; text_text_color=&#8221;#3c3a47&#8243; text_font_size=&#8221;16px&#8221; text_line_height=&#8221;1.75em&#8221; link_font=&#8221;|IBM Plex Sans_weight|||||||&#8221; link_text_color=&#8221;#023047&#8243; quote_font=&#8221;IBM Plex Sans Condensed|IBM Plex Sans Condensed_weight|||||||&#8221; quote_text_color=&#8221;#0e0c19&#8243; header_font=&#8221;IBM Plex Sans Condensed|IBM Plex Sans Condensed_weight|||||||&#8221; header_text_color=&#8221;#0e0c19&#8243; header_font_size=&#8221;72px&#8221; header_line_height=&#8221;1.15em&#8221; header_2_font=&#8221;IBM Plex Sans Condensed|IBM Plex Sans Condensed_weight|||||||&#8221; header_2_text_color=&#8221;#0e0c19&#8243; header_2_font_size=&#8221;50px&#8221; header_2_line_height=&#8221;1.2em&#8221; header_3_font=&#8221;IBM Plex Sans Condensed|IBM Plex Sans Condensed_weight|||||||&#8221; header_3_text_color=&#8221;#0e0c19&#8243; header_3_font_size=&#8221;32px&#8221; header_3_line_height=&#8221;1.3em&#8221; header_4_font=&#8221;IBM Plex Sans Condensed|IBM Plex Sans Condensed_weight|||||||&#8221; header_4_text_color=&#8221;#0e0c19&#8243; header_4_font_size=&#8221;24px&#8221; header_4_line_height=&#8221;1.4em&#8221; header_5_font=&#8221;IBM Plex Sans Condensed|IBM Plex Sans Condensed_weight|||||||&#8221; header_5_text_color=&#8221;#0e0c19&#8243; header_5_font_size=&#8221;18px&#8221; header_5_line_height=&#8221;1.4em&#8221; header_6_font=&#8221;IBM Plex Sans Condensed|IBM Plex Sans Condensed_weight|||||||&#8221; header_6_text_color=&#8221;#0e0c19&#8243; header_6_line_height=&#8221;1.5em&#8221; custom_margin=&#8221;||||false|false&#8221; text_font_size_tablet=&#8221;15px&#8221; text_font_size_phone=&#8221;14px&#8221; text_font_size_last_edited=&#8221;on|phone&#8221; header_font_size_tablet=&#8221;40px&#8221; header_font_size_phone=&#8221;24px&#8221; header_font_size_last_edited=&#8221;on|desktop&#8221; header_2_font_size_tablet=&#8221;28px&#8221; header_2_font_size_phone=&#8221;20px&#8221; header_2_font_size_last_edited=&#8221;on|phone&#8221; header_3_font_size_tablet=&#8221;22px&#8221; header_3_font_size_phone=&#8221;17px&#8221; header_3_font_size_last_edited=&#8221;on|phone&#8221; header_4_font_size_tablet=&#8221;18px&#8221; header_4_font_size_phone=&#8221;15px&#8221; header_4_font_size_last_edited=&#8221;on|tablet&#8221; header_5_font_size_tablet=&#8221;15px&#8221; header_5_font_size_phone=&#8221;14px&#8221; header_5_font_size_last_edited=&#8221;on|desktop&#8221; header_6_font_size_tablet=&#8221;13px&#8221; header_6_font_size_phone=&#8221;13px&#8221; header_6_font_size_last_edited=&#8221;on|desktop&#8221; global_colors_info=&#8221;{}&#8221;]<\/p>\n<h2 data-start=\"1642\" data-end=\"1677\">1. Data Controller<\/h2>\n<p data-start=\"1678\" data-end=\"1921\">The person responsible for data processing is <strong data-start=\"1725\" data-end=\"1749\">D\u00e9dalo Aviaci\u00f3n S.L.<\/strong>, with <strong data-start=\"689\" data-end=\"711\">CIF: <span>B96819172<\/span><\/strong> and address at <a href=\"https:\/\/www.google.com\/maps\/place\/\/data=!4m2!3m1!1s0xd60dac9b383fd5d:0xefb00a8fb72b44a9?sa=X&amp;ved=1t:8290&amp;ictx=111\" data-url=\"\/maps\/place\/\/data=!4m2!3m1!1s0xd60dac9b383fd5d:0xefb00a8fb72b44a9?sa=X&amp;ved=2ahUKEwij4tPavviLAxXUVKQEHdhRJu0Q4kB6BAgGEAA\" ping=\"\/url?sa=t&amp;source=web&amp;rct=j&amp;opi=89978449&amp;url=\/maps\/place\/\/data%3D!4m2!3m1!1s0xd60dac9b383fd5d:0xefb00a8fb72b44a9%3Fsa%3DX%26ved%3D1t:8290%26ictx%3D111&amp;ved=2ahUKEwij4tPavviLAxXUVKQEHdhRJu0Q4kB6BAgoEAM\" tabindex=\"0\"><span>Aer\u00f3dromo de Requena &#8211; Hangar 2, Autov\u00eda A-3, Km. 297, 46391 Requena, Valencia, Spain.<\/span><\/a>.. For any questions related to privacy, you can contact us at the following telephone number <a data-dtype=\"d3ph\" data-local-attribute=\"d3ph\" jscontroller=\"LWZElb\" href=\"https:\/\/www.google.com\/search?q=dedalo+aviacion+sl+CIF&amp;sca_esv=540846efa2b16f65&amp;sxsrf=AHTn8zoxVZfBZ1cILdsoik3kLwpiCM6nFQ%3A1741368365180&amp;ei=LSzLZ-7RCvLZkdUPrqffOQ&amp;ved=0ahUKEwiunNHWvviLAxXybKQEHa7TNwcQ4dUDCBE&amp;uact=5&amp;oq=dedalo+aviacion+sl+CIF&amp;gs_lp=Egxnd3Mtd2l6LXNlcnAiFmRlZGFsbyBhdmlhY2lvbiBzbCBDSUYyBRAAGO8FMggQABiABBiiBDIFEAAY7wUyCBAAGIAEGKIEMggQABiABBiiBEjlCFBbWIMIcAF4AJABAJgBdaAB_gKqAQMzLjG4AQPIAQD4AQGYAgWgAosDwgIHEAAYsAMYHsICCxAAGIAEGLADGKIEwgIIEAAYsAMY7wXCAgYQABgWGB7CAgUQIRigAcICBRAhGJ8FwgIEECEYFZgDAIgGAZAGBZIHAzQuMaAHmg8&amp;sclient=gws-wiz-serp#\" jsdata=\"QKGTRc;_;BLCWbI\" jsaction=\"rcuQ6b:npT2md;F75qrd\" data-ved=\"2ahUKEwij4tPavviLAxXUVKQEHdhRJu0QkAgoAHoECCcQAg\"><span aria-label=\"Llamar al n\u00famero de tel\u00e9fono 960 26 09 24\">960 26 09 24<\/span><\/a>. <\/p>\n<h2 data-start=\"1923\" data-end=\"1956\">2. Purpose of Processing<\/h2>\n<p data-start=\"1957\" data-end=\"2044\">The personal data you provide will be processed for the following purposes:<\/p>\n<ul data-start=\"2045\" data-end=\"2272\">\n<li data-start=\"2045\" data-end=\"2131\">Management of inquiries and requests made through the contact form.<\/li>\n<li data-start=\"2132\" data-end=\"2194\">Provision of contracted services and customer management.<\/li>\n<li data-start=\"2195\" data-end=\"2272\">Sending of commercial communications, if prior consent has been given.<\/li>\n<\/ul>\n<h2 data-start=\"2274\" data-end=\"2294\">3. Legitimation<\/h2>\n<p data-start=\"2295\" data-end=\"2452\">Data processing is based on the user&#8217;s consent when sending their data through the contact form or when contracting our services.<\/p>\n<h2 data-start=\"2454\" data-end=\"2482\">4. User Rights<\/h2>\n<p data-start=\"2483\" data-end=\"2708\">Users may exercise their rights of <strong data-start=\"2527\" data-end=\"2601\">access, rectification, deletion, limitation, opposition and portability<\/strong> by sending a request to our postal address along with a copy of their ID card or equivalent document.<\/p>\n<h2 data-start=\"2710\" data-end=\"2743\">5. Data Retention<\/h2>\n<p data-start=\"2744\" data-end=\"2884\">The data will be kept for as long as there is a contractual relationship or for the time necessary to comply with legal obligations.<\/p>\n<h2 data-start=\"2886\" data-end=\"2916\">6. Data Security<\/h2>\n<p data-start=\"2917\" data-end=\"3076\"><strong data-start=\"2917\" data-end=\"2941\">D\u00e9dalo Aviaci\u00f3n S.L.<\/strong> adopts adequate security measures to protect the information against unauthorized access, alteration or loss of data.<\/p>\n<p>[\/et_pb_text][\/et_pb_column][\/et_pb_row][et_pb_row custom_padding_last_edited=&#8221;on|desktop&#8221; _builder_version=&#8221;4.25.1&#8243; _module_preset=&#8221;048d8e79-b07f-439b-bd57-f41c14f0a56b&#8221; background_color=&#8221;#FFFFFF&#8221; custom_padding=&#8221;|30px||30px|false|true&#8221; custom_padding_tablet=&#8221;|30px||30px|false|true&#8221; custom_padding_phone=&#8221;|20px||20px|false|true&#8221; border_radii=&#8221;on|6px|6px|6px|6px&#8221; box_shadow_style=&#8221;preset3&#8243; box_shadow_vertical=&#8221;24px&#8221; box_shadow_blur=&#8221;72px&#8221; box_shadow_spread=&#8221;-12px&#8221; box_shadow_color=&#8221;rgba(0,0,0,0.12)&#8221; global_colors_info=&#8221;{}&#8221;][et_pb_column type=&#8221;4_4&#8243; _builder_version=&#8221;4.25.1&#8243; _module_preset=&#8221;default&#8221; global_colors_info=&#8221;{}&#8221;][et_pb_heading title=&#8221;COOKIES POLICY&#8221; _builder_version=&#8221;4.27.4&#8243; _module_preset=&#8221;c33f07d9-41e0-421a-8799-5799df695cce&#8221; title_level=&#8221;h2&#8243; title_font=&#8221;&#8211;et_global_heading_font|700|||||||&#8221; title_text_color=&#8221;#0e0c19&#8243; title_font_size=&#8221;50px&#8221; title_line_height=&#8221;1.2em&#8221; custom_margin=&#8221;||10px||false|false&#8221; title_font_size_tablet=&#8221;28px&#8221; title_font_size_phone=&#8221;20px&#8221; title_font_size_last_edited=&#8221;on|phone&#8221; global_colors_info=&#8221;{}&#8221;][\/et_pb_heading][et_pb_text quote_border_color=&#8221;#219ebc&#8221; _builder_version=&#8221;4.27.4&#8243; _module_preset=&#8221;2c55a9c4-feed-423b-9edb-ae0b5b365cac&#8221; text_font=&#8221;&#8211;et_global_body_font|IBM Plex Sans_weight|||||||&#8221; text_text_color=&#8221;#3c3a47&#8243; text_font_size=&#8221;16px&#8221; text_line_height=&#8221;1.75em&#8221; link_font=&#8221;|IBM Plex Sans_weight|||||||&#8221; link_text_color=&#8221;#023047&#8243; quote_font=&#8221;IBM Plex Sans Condensed|IBM Plex Sans Condensed_weight|||||||&#8221; quote_text_color=&#8221;#0e0c19&#8243; header_font=&#8221;IBM Plex Sans Condensed|IBM Plex Sans Condensed_weight|||||||&#8221; header_text_color=&#8221;#0e0c19&#8243; header_font_size=&#8221;72px&#8221; header_line_height=&#8221;1.15em&#8221; header_2_font=&#8221;IBM Plex Sans Condensed|IBM Plex Sans Condensed_weight|||||||&#8221; header_2_text_color=&#8221;#0e0c19&#8243; header_2_font_size=&#8221;50px&#8221; header_2_line_height=&#8221;1.2em&#8221; header_3_font=&#8221;IBM Plex Sans Condensed|IBM Plex Sans Condensed_weight|||||||&#8221; header_3_text_color=&#8221;#0e0c19&#8243; header_3_font_size=&#8221;32px&#8221; header_3_line_height=&#8221;1.3em&#8221; header_4_font=&#8221;IBM Plex Sans Condensed|IBM Plex Sans Condensed_weight|||||||&#8221; header_4_text_color=&#8221;#0e0c19&#8243; header_4_font_size=&#8221;24px&#8221; header_4_line_height=&#8221;1.4em&#8221; header_5_font=&#8221;IBM Plex Sans Condensed|IBM Plex Sans Condensed_weight|||||||&#8221; header_5_text_color=&#8221;#0e0c19&#8243; header_5_font_size=&#8221;18px&#8221; header_5_line_height=&#8221;1.4em&#8221; header_6_font=&#8221;IBM Plex Sans Condensed|IBM Plex Sans Condensed_weight|||||||&#8221; header_6_text_color=&#8221;#0e0c19&#8243; header_6_line_height=&#8221;1.5em&#8221; custom_margin=&#8221;||||false|false&#8221; text_font_size_tablet=&#8221;15px&#8221; text_font_size_phone=&#8221;14px&#8221; text_font_size_last_edited=&#8221;on|phone&#8221; header_font_size_tablet=&#8221;40px&#8221; header_font_size_phone=&#8221;24px&#8221; header_font_size_last_edited=&#8221;on|desktop&#8221; header_2_font_size_tablet=&#8221;28px&#8221; header_2_font_size_phone=&#8221;20px&#8221; header_2_font_size_last_edited=&#8221;on|phone&#8221; header_3_font_size_tablet=&#8221;22px&#8221; header_3_font_size_phone=&#8221;17px&#8221; header_3_font_size_last_edited=&#8221;on|phone&#8221; header_4_font_size_tablet=&#8221;18px&#8221; header_4_font_size_phone=&#8221;15px&#8221; header_4_font_size_last_edited=&#8221;on|tablet&#8221; header_5_font_size_tablet=&#8221;15px&#8221; header_5_font_size_phone=&#8221;14px&#8221; header_5_font_size_last_edited=&#8221;on|desktop&#8221; header_6_font_size_tablet=&#8221;13px&#8221; header_6_font_size_phone=&#8221;13px&#8221; header_6_font_size_last_edited=&#8221;on|desktop&#8221; global_colors_info=&#8221;{}&#8221;]<\/p>\n<h2 data-start=\"3112\" data-end=\"3141\">1. What are Cookies?<\/h2>\n<p data-start=\"3142\" data-end=\"3351\">Cookies are small text files that are stored on your device when you visit a website. They are used to improve the user experience, remember preferences and analyze navigation. <\/p>\n<h2 data-start=\"3353\" data-end=\"3388\">2. Types of Cookies Used<\/h2>\n<p data-start=\"3389\" data-end=\"3470\">This website uses its own and third-party cookies for the following purposes:<\/p>\n<ul data-start=\"3471\" data-end=\"3761\">\n<li data-start=\"3471\" data-end=\"3550\"><strong data-start=\"3473\" data-end=\"3494\">Technical Cookies:<\/strong> Necessary for the proper functioning of the site.<\/li>\n<li data-start=\"3551\" data-end=\"3674\"><strong data-start=\"3553\" data-end=\"3577\">Analysis Cookies:<\/strong> They allow us to know how users interact with the web to improve our services.<\/li>\n<li data-start=\"3675\" data-end=\"3761\"><strong data-start=\"3677\" data-end=\"3708\">Personalization cookies:<\/strong> They store user preferences such as language.<\/li>\n<\/ul>\n<h2 data-start=\"3763\" data-end=\"3809\">3. Cookie Configuration and Deletion<\/h2>\n<p data-start=\"3810\" data-end=\"3985\">You can configure or reject the use of cookies from your browser options. Below are links to the settings of the most commonly used browsers: <\/p>\n<ul data-start=\"3986\" data-end=\"4413\">\n<li data-start=\"3986\" data-end=\"4090\"><strong data-start=\"3988\" data-end=\"4006\">Google Chrome:<\/strong> <a data-start=\"4007\" data-end=\"4088\" rel=\"noopener\" target=\"_new\">Link to settings<\/a><\/li>\n<li data-start=\"4091\" data-end=\"4195\"><strong data-start=\"4093\" data-end=\"4113\">Mozilla Firefox:<\/strong> <a data-start=\"4114\" data-end=\"4193\" rel=\"noopener\" target=\"_new\" href=\"https:\/\/support.mozilla.org\/es\/kb\/Borrar%20cookies\">Link to configuration<\/a><\/li>\n<li data-start=\"4196\" data-end=\"4327\"><strong data-start=\"4198\" data-end=\"4217\">Microsoft Edge:<\/strong> <a data-start=\"4218\" data-end=\"4325\" rel=\"noopener\" target=\"_new\" href=\"https:\/\/support.microsoft.com\/es-es\/help\/4027947\/microsoft-edge-delete-cookies\">Link to settings<\/a><\/li>\n<li data-start=\"4328\" data-end=\"4413\"><strong data-start=\"4330\" data-end=\"4341\">Safari:<\/strong> <a data-start=\"4342\" data-end=\"4411\" rel=\"noopener\" target=\"_new\" href=\"https:\/\/support.apple.com\/es-es\/HT201265\">Link to configuration.<\/a><\/li>\n<\/ul>\n<h2 data-start=\"4415\" data-end=\"4461\">4. Modification of the Cookies Policy<\/h2>\n<p data-start=\"4462\" data-end=\"4631\"><strong data-start=\"4462\" data-end=\"4486\">D\u00e9dalo Aviaci\u00f3n S.L.<\/strong> reserves the right to modify this cookies policy at any time. The user is recommended to periodically review this section. <\/p>\n<p>[\/et_pb_text][\/et_pb_column][\/et_pb_row][\/et_pb_section]<\/p>\n","protected":false},"excerpt":{"rendered":"<p>General Information In compliance with the provisions of Law 34\/2002, of July 11, 2002, of Services of the Information Society and Electronic Commerce (LSSI-CE), it is reported that this website is owned by D\u00e9dalo Aviaci\u00f3n S.L., with CIF: B96819172, and domiciled in Aer\u00f3dromo de Requena &#8211; Hangar 2, Autov\u00eda A-3, Km. 297, 46391 Requena, Valencia.. [&hellip;]<\/p>\n","protected":false},"author":1,"featured_media":0,"parent":0,"menu_order":0,"comment_status":"closed","ping_status":"closed","template":"","meta":{"_et_pb_use_builder":"on","_et_pb_old_content":"","_et_gb_content_width":"","footnotes":""},"class_list":["post-233","page","type-page","status-publish","hentry"],"_links":{"self":[{"href":"https:\/\/dedaloaviacion.com\/en\/wp-json\/wp\/v2\/pages\/233","targetHints":{"allow":["GET"]}}],"collection":[{"href":"https:\/\/dedaloaviacion.com\/en\/wp-json\/wp\/v2\/pages"}],"about":[{"href":"https:\/\/dedaloaviacion.com\/en\/wp-json\/wp\/v2\/types\/page"}],"author":[{"embeddable":true,"href":"https:\/\/dedaloaviacion.com\/en\/wp-json\/wp\/v2\/users\/1"}],"replies":[{"embeddable":true,"href":"https:\/\/dedaloaviacion.com\/en\/wp-json\/wp\/v2\/comments?post=233"}],"version-history":[{"count":0,"href":"https:\/\/dedaloaviacion.com\/en\/wp-json\/wp\/v2\/pages\/233\/revisions"}],"wp:attachment":[{"href":"https:\/\/dedaloaviacion.com\/en\/wp-json\/wp\/v2\/media?parent=233"}],"curies":[{"name":"wp","href":"https:\/\/api.w.org\/{rel}","templated":true}]}}